{"id":627,"date":"2015-12-17T12:55:19","date_gmt":"2015-12-17T12:55:19","guid":{"rendered":"http:\/\/beta.chalmersstudentbostader.se\/?page_id=627"},"modified":"2026-04-28T13:19:05","modified_gmt":"2026-04-28T11:19:05","slug":"rannan","status":"publish","type":"page","link":"https:\/\/www.chalmersstudentbostader.se\/en\/hus-campus-johanneberg\/rannan\/","title":{"rendered":"R\u00e4nnan"},"content":{"rendered":"<h1><img src=\"https:\/\/www.chalmersstudentbostader.se\/wp-content\/uploads\/Rannvagen-scaled-e1665046282784-1024x499.jpg\" \/><\/h1>\n<div class=\"SL-Container \"><\/div>\n<p class=\"Lead\">On Chalmers Campus Johanneberg you will find this building, with the address R\u00e4nnv\u00e4gen 1,3,5,7 and 9. Within walking distance, there is a bus and tram stop, with several buses and trams to Korsv\u00e4gen, Linn\u00e9platsen, and Brunnsparken, etc. All of the apartments have a balcony or a French balcony.<\/p>\n<div   class=\"SL-Rad  child-items-\">\n    \n<\/div>\n<div  class=\"SL-Kolumn SL-Kolumn-6 \">\n    \n<\/div>\n<p>&nbsp;<\/p>\n<h5>Orientation<\/h5>\n<h5><strong><a href=\"\/en\/wp-content\/uploads\/sites\/2\/Ikon-allocation.png\"><img loading=\"lazy\" src=\"\/en\/wp-content\/uploads\/sites\/2\/Ikon-allocation.png\" alt=\"\" width=\"33\" height=\"33\" class=\"wp-image-14489 alignleft\" \/><\/a><\/strong><\/h5>\n<p><a href=\"https:\/\/www.google.com\/maps\/dir\/\/R%C3%A4nnv%C3%A4gen+1,+412+58+G%C3%B6teborg\/@57.6888081,11.974003,21z\/data=!4m9!4m8!1m0!1m5!1m1!1s0x464ff30b72c733c3:0xdb36228c7ba3e8ac!2m2!1d11.9773098!2d57.6884301!3e3?entry=ttu&amp;g_ep=EgoyMDI2MDQxNS4wIKXMDSoASAFQAw%3D%3D\" target=\"_blank\" rel=\"noopener\">Find R\u00e4nnv\u00e4gen via Google maps \u2192<\/a><br \/>\nThe address is already filled in\u2014just enter where you\u2019re traveling from.<\/p>\n<p>&nbsp;<\/p>\n<p>&nbsp;<\/p>\n<h2>Type of Apartments<\/h2>\n<table width=\"556\" style=\"width: 341px\">\n<tbody>\n<tr style=\"border-color: #000000;background-color: #cccccc\">\n<td style=\"width: 80px\">Living area<\/td>\n<td style=\"width: 68.4722px\">Amount<\/td>\n<td style=\"width: 173.247px\">Description<\/td>\n<\/tr>\n<tr>\n<td style=\"width: 80px\">28 m<sup>2<\/sup><\/td>\n<td style=\"width: 68.4722px\">63<\/td>\n<td style=\"width: 173.247px\">Studio with kitchenette<\/td>\n<\/tr>\n<\/tbody>\n<\/table>\n<p>&nbsp;<\/p>\n<p><a href=\"https:\/\/www.chalmersstudentbostader.se\/en\/bo-hos-oss\/?cl=1143111219\">Read about the rent range <\/a><a href=\"https:\/\/www.chalmersstudentbostader.se\/en\/short-term-contract\/\">\u2192<\/a><a href=\"https:\/\/www.chalmersstudentbostader.se\/en\/bo-hos-oss\/?cl=1143111219\"><\/a><\/p>\n<p>If you already are a tenant you should check My Pages under Contract or your payment slip for your individual rent.<\/p>\n<p>&nbsp;<\/p>\n<h2>Basic rent and monthly rent<\/h2>\n<p>As a tenant, you are billed for rent every month, and the rent is charged over twelve (12) months.<\/p>\n<p>The basic rent fee is built up from the rent of the living space, storage unit, heating, hot water, and electricity.<\/p>\n<p>On the payment slip, two costs are added, for the obligatory internet connection, and also an obligatory fee to the <a href=\"https:\/\/www.chalmersstudentbostader.se\/en\/fr\/\">Council of Trustees <\/a><a href=\"https:\/\/www.chalmersstudentbostader.se\/en\/short-term-contract\/\">\u2192<\/a><\/p>\n<p>The table above refers to the total rent per month, including additional costs of internet and fee to the Board of Trustees.<\/p>\n<h2>Furnishing, appliances, and fixtures<\/h2>\n<p>The apartments are unfurnished except for the International Master apartments. Every apartment is outfitted with a stove, an oven, a fridge\/freezer, and a kitchen fan. All apartments have 1000Mb broadband access.<\/p>\n<h2>Storage Unit<\/h2>\n<p>It is possible to rent a storage unit.<\/p>\n<h2>Parking facilities for bicycles and cars<\/h2>\n<p>There are bike racks between the buildings for the tenants. There is no specific car park for the tenants or visitors, however, there is a car park on Gibraltarvallsv\u00e4gen 2.<\/p>\n<h2>Laundry room<\/h2>\n<p>Two communal laundry rooms are located at R\u00e4nnv\u00e4gen 3 and 7. This room houses two laundry stations each consisting of a washing machine, a tumble dryer, and a hot air-drying cabinet. The room is bookable through a booking table inside the laundry room.<\/p>\n<h2>Postbox<\/h2>\n<p>A postbox per apartment for receiving mail is located in the same room as the laundry rooms.<\/p>\n<h2>Recycling and waste-handling<\/h2>\n<p>As a tenant, you can sort and fraction your household waste in or close to the building.<\/p>\n<h2>Common spaces<\/h2>\n<p>As a tenant, you have access to several facilities in our properties. Via The Council of trustees (FR) you can book billiards room, music room, cinema room, borrow tools, etc.<br \/>\n<a href=\"https:\/\/fortroenderadet.squarespace.com\/\" target=\"_blank\" rel=\"noopener\"><\/a><\/p>\n<p><a href=\"https:\/\/fortroenderadet.squarespace.com\/\" target=\"_blank\" rel=\"noopener\">Read more about The Council of trustees <\/a><a href=\"https:\/\/www.chalmersstudentbostader.se\/en\/short-term-contract\/\">\u2192<\/a><a href=\"https:\/\/fortroenderadet.squarespace.com\/\" target=\"_blank\" rel=\"noopener\"><\/a><\/p>\n<p><strong>Swimming facility and roof terraces<\/strong><br \/>\nAt Gibraltargatan 80 there is a swimming pool and sauna.<br \/>\n<a href=\"https:\/\/www.chalmersstudentbostader.se\/en\/bo-hos-oss\/badet-och-solterrasserna\/\"><\/a><a href=\"https:\/\/www.chalmersstudentbostader.se\/en\/bo-hos-oss\/badet-och-solterrasserna\/\">Read more<\/a><\/p>\n<h2 data-start=\"0\" data-end=\"17\"><strong data-start=\"0\" data-end=\"17\">Barbecue Area<\/strong><\/h2>\n<p data-start=\"19\" data-end=\"190\" data-is-last-node=\"\" data-is-only-node=\"\">There is a barbecue area in the neighbourhood that you are welcome to use. Please note that grilling is not allowed on balconies or patios.<br data-start=\"158\" data-end=\"161\" \/><a href=\"https:\/\/www.chalmersstudentbostader.se\/en\/bo-hos-oss\/brandsakerhet\/\">Read more about fire safety \u2192<\/a><\/p>\n<p>&nbsp;<\/p>\n<h2>Your housing host<\/h2>\n<p><strong>Fredrik K\u00e5gefors<\/strong> is your housing host and will help you with fault reports and inspections of the apartment. Faulty reports are done through My Pages.<\/p>\n","protected":false},"excerpt":{"rendered":"<p>On Chalmers Campus Johanneberg you will find this building, with the address R\u00e4nnv\u00e4gen 1,3,5,7 and 9. Within walking distance, there is a bus and tram stop, with several buses and trams to Korsv\u00e4gen, Linn\u00e9platsen, and Brunnsparken, etc. All of the apartments have a balcony or a French balcony. &nbsp; Orientation Find R\u00e4nnv\u00e4gen via Google maps [&hellip;]<\/p>\n","protected":false},"author":34,"featured_media":0,"parent":1817,"menu_order":0,"comment_status":"closed","ping_status":"closed","template":"","meta":[],"_links":{"self":[{"href":"https:\/\/www.chalmersstudentbostader.se\/en\/wp-json\/wp\/v2\/pages\/627"}],"collection":[{"href":"https:\/\/www.chalmersstudentbostader.se\/en\/wp-json\/wp\/v2\/pages"}],"about":[{"href":"https:\/\/www.chalmersstudentbostader.se\/en\/wp-json\/wp\/v2\/types\/page"}],"author":[{"embeddable":true,"href":"https:\/\/www.chalmersstudentbostader.se\/en\/wp-json\/wp\/v2\/users\/34"}],"replies":[{"embeddable":true,"href":"https:\/\/www.chalmersstudentbostader.se\/en\/wp-json\/wp\/v2\/comments?post=627"}],"version-history":[{"count":55,"href":"https:\/\/www.chalmersstudentbostader.se\/en\/wp-json\/wp\/v2\/pages\/627\/revisions"}],"predecessor-version":[{"id":15120,"href":"https:\/\/www.chalmersstudentbostader.se\/en\/wp-json\/wp\/v2\/pages\/627\/revisions\/15120"}],"up":[{"embeddable":true,"href":"https:\/\/www.chalmersstudentbostader.se\/en\/wp-json\/wp\/v2\/pages\/1817"}],"wp:attachment":[{"href":"https:\/\/www.chalmersstudentbostader.se\/en\/wp-json\/wp\/v2\/media?parent=627"}],"curies":[{"name":"wp","href":"https:\/\/api.w.org\/{rel}","templated":true}]}}